{"id":1188,"date":"2019-05-11T22:00:25","date_gmt":"2019-05-11T20:00:25","guid":{"rendered":"https:\/\/www.cas-sommartel.ch\/monte-leone-2019\/?page_id=1188"},"modified":"2024-06-01T17:17:54","modified_gmt":"2024-06-01T15:17:54","slug":"tarifs","status":"publish","type":"page","link":"https:\/\/www.cas-sommartel.ch\/monte-leone\/tarifs\/","title":{"rendered":"Tarifs"},"content":{"rendered":"<p>[et_pb_section fb_built=\u00a0\u00bb1&Prime; _builder_version=\u00a0\u00bb4.16&Prime; global_colors_info=\u00a0\u00bb{}\u00a0\u00bb][et_pb_row column_structure=\u00a0\u00bb1_3,1_3,1_3&Prime; disabled_on=\u00a0\u00bbon|on|on\u00a0\u00bb _builder_version=\u00a0\u00bb4.16&Prime; disabled=\u00a0\u00bbon\u00a0\u00bb global_colors_info=\u00a0\u00bb{}\u00a0\u00bb][et_pb_column type=\u00a0\u00bb1_3&Prime; _builder_version=\u00a0\u00bb4.16&Prime; custom_padding=\u00a0\u00bb|||\u00a0\u00bb global_colors_info=\u00a0\u00bb{}\u00a0\u00bb custom_padding__hover=\u00a0\u00bb|||\u00a0\u00bb][et_pb_image src=\u00a0\u00bbhttps:\/\/www.cas-sommartel.ch\/monte-leone\/wp-content\/uploads\/sites\/6\/2019\/05\/bed-solid.svg\u00a0\u00bb align=\u00a0\u00bbcenter\u00a0\u00bb align_tablet=\u00a0\u00bbcenter\u00a0\u00bb align_phone=\u00a0\u00bbcenter\u00a0\u00bb align_last_edited=\u00a0\u00bbon|desktop\u00a0\u00bb _builder_version=\u00a0\u00bb4.16&Prime; max_width=\u00a0\u00bb35%\u00a0\u00bb global_colors_info=\u00a0\u00bb{}\u00a0\u00bb][\/et_pb_image][et_pb_text _builder_version=\u00a0\u00bb4.25.0&Prime; text_font=\u00a0\u00bb||||||||\u00a0\u00bb global_colors_info=\u00a0\u00bb{}\u00a0\u00bb]<\/p>\n<div class=\"price-head\">\n<h1>Nuit\u00e9es<\/h1>\n<p>Taxes de s\u00e9jours et h\u00e9bergement incluses<\/p>\n<\/div>\n<table class=\"price-table\">\n<tbody>\n<tr>\n<th>Cat\u00e9gorie<\/th>\n<th class=\"price-table-value\">Tarifs<\/th>\n<\/tr>\n<tr>\n<td>Membres CAS d\u00e8s 23 ans, CAI, CAF, Militaires<\/td>\n<td>CHF 26<\/td>\n<\/tr>\n<tr>\n<td>Membres de la jeunesse du CAS (6 \u00e0 22 ans)<\/td>\n<td>CHF 13<\/td>\n<\/tr>\n<tr>\n<td>Autres visiteurs d\u00e8s 18 ans<\/td>\n<td>CHF 38<\/td>\n<\/tr>\n<tr>\n<td>Enfants et jeunes jusqu\u2019\u00e0 17 ans r\u00e9volus<\/td>\n<td>CHF 19<\/td>\n<\/tr>\n<\/tbody>\n<\/table>\n<p>[\/et_pb_text][\/et_pb_column][et_pb_column type=\u00a0\u00bb1_3&Prime; _builder_version=\u00a0\u00bb4.16&Prime; custom_padding=\u00a0\u00bb|||\u00a0\u00bb global_colors_info=\u00a0\u00bb{}\u00a0\u00bb custom_padding__hover=\u00a0\u00bb|||\u00a0\u00bb][et_pb_image src=\u00a0\u00bbhttps:\/\/www.cas-sommartel.ch\/monte-leone\/wp-content\/uploads\/sites\/6\/2019\/05\/picto-1.svg\u00a0\u00bb align=\u00a0\u00bbcenter\u00a0\u00bb align_tablet=\u00a0\u00bbcenter\u00a0\u00bb align_phone=\u00a0\u00bbcenter\u00a0\u00bb align_last_edited=\u00a0\u00bbon|desktop\u00a0\u00bb _builder_version=\u00a0\u00bb4.16&Prime; max_width=\u00a0\u00bb35%\u00a0\u00bb global_colors_info=\u00a0\u00bb{}\u00a0\u00bb][\/et_pb_image][et_pb_text _builder_version=\u00a0\u00bb4.25.1&Prime; global_colors_info=\u00a0\u00bb{}\u00a0\u00bb]<\/p>\n<div class=\"price-head\">\n<h1>Restauration<\/h1>\n<\/div>\n<table class=\"price-table\" style=\"width: 350px;\">\n<tbody>\n<tr>\n<th style=\"width: 236.85px;\">Description<\/th>\n<th class=\"price-table-value\" style=\"width: 98.35px;\">Tarifs<\/th>\n<\/tr>\n<tr>\n<td style=\"width: 236.85px;\">Repas chauds \u00e0 midi<\/td>\n<td style=\"width: 98.35px;\">CHF 20<\/td>\n<\/tr>\n<tr>\n<td style=\"width: 236.85px;\">Demi pension membres CAS d\u00e8s 23 ans<\/td>\n<td style=\"width: 98.35px;\">CHF 64<\/td>\n<\/tr>\n<tr>\n<td style=\"width: 236.85px;\">Demi pension membres de la jeunesse du CAS (6 \u00e0 22 ans)<\/td>\n<td style=\"width: 98.35px;\">CHF 32<\/td>\n<\/tr>\n<tr>\n<td style=\"width: 236.85px;\">Demi pension autres visiteurs d\u00e8s 18 ans<\/td>\n<td style=\"width: 98.35px;\">CHF 76<\/td>\n<\/tr>\n<tr>\n<td style=\"width: 236.85px;\">Demi pension enfants et jeunes jusqu&rsquo;\u00e0 17 ans r\u00e9volus<\/td>\n<td style=\"width: 98.35px;\">CHF 38<\/td>\n<\/tr>\n<\/tbody>\n<\/table>\n<p>&nbsp;<\/p>\n<p>[\/et_pb_text][\/et_pb_column][et_pb_column type=\u00a0\u00bb1_3&Prime; _builder_version=\u00a0\u00bb4.16&Prime; custom_padding=\u00a0\u00bb|||\u00a0\u00bb global_colors_info=\u00a0\u00bb{}\u00a0\u00bb custom_padding__hover=\u00a0\u00bb|||\u00a0\u00bb][et_pb_image src=\u00a0\u00bbhttps:\/\/www.cas-sommartel.ch\/monte-leone\/wp-content\/uploads\/sites\/6\/2019\/05\/picto-10.svg\u00a0\u00bb align=\u00a0\u00bbcenter\u00a0\u00bb align_tablet=\u00a0\u00bbcenter\u00a0\u00bb align_phone=\u00a0\u00bbcenter\u00a0\u00bb align_last_edited=\u00a0\u00bbon|desktop\u00a0\u00bb _builder_version=\u00a0\u00bb4.16&Prime; max_width=\u00a0\u00bb35%\u00a0\u00bb global_colors_info=\u00a0\u00bb{}\u00a0\u00bb][\/et_pb_image][et_pb_text _builder_version=\u00a0\u00bb4.25.1&Prime; global_colors_info=\u00a0\u00bb{}\u00a0\u00bb]<\/p>\n<div class=\"price-head\">\n<h1>Local d\u2019hiver<\/h1>\n<p>Nuit\u00e9e<\/p>\n<\/div>\n<table class=\"price-table\" style=\"width: 335px;\">\n<tbody>\n<tr style=\"height: 24px;\">\n<th style=\"height: 24px; width: 194.733px;\">Description<\/th>\n<th class=\"price-table-value\" style=\"height: 24px; width: 125.467px;\">Tarifs<\/th>\n<\/tr>\n<tr style=\"height: 24px;\">\n<td style=\"height: 24px; width: 194.733px;\">Membres CAS d\u00e8s 23 ans<\/td>\n<td style=\"height: 24px; width: 125.467px;\">CHF 33<\/td>\n<\/tr>\n<tr style=\"height: 24px;\">\n<td style=\"height: 24px; width: 194.733px;\">Membre de la jeunesse du CAS (6 \u00e0 22 an)<\/td>\n<td style=\"height: 24px; width: 125.467px;\">CHF 20<\/td>\n<\/tr>\n<tr>\n<td style=\"width: 194.733px;\">Autres visiteurs d\u00e8s 18 ans<\/td>\n<td style=\"width: 125.467px;\">CHF 45<\/td>\n<\/tr>\n<tr>\n<td style=\"width: 194.733px;\">Enfants et jeunes jusqu&rsquo;\u00e0 17 ans r\u00e9volus<\/td>\n<td style=\"width: 125.467px;\">CHF 26<\/td>\n<\/tr>\n<\/tbody>\n<\/table>\n<p>[\/et_pb_text][\/et_pb_column][\/et_pb_row][et_pb_row _builder_version=\u00a0\u00bb4.25.1&Prime; _module_preset=\u00a0\u00bbdefault\u00a0\u00bb global_colors_info=\u00a0\u00bb{}\u00a0\u00bb][et_pb_column type=\u00a0\u00bb4_4&Prime; _builder_version=\u00a0\u00bb4.25.1&Prime; _module_preset=\u00a0\u00bbdefault\u00a0\u00bb global_colors_info=\u00a0\u00bb{}\u00a0\u00bb][et_pb_image src=\u00a0\u00bbhttps:\/\/www.cas-sommartel.ch\/monte-leone\/wp-content\/uploads\/sites\/6\/2019\/05\/bed-solid.svg\u00a0\u00bb title_text=\u00a0\u00bbbed-solid\u00a0\u00bb align=\u00a0\u00bbcenter\u00a0\u00bb _builder_version=\u00a0\u00bb4.25.1&Prime; _module_preset=\u00a0\u00bbdefault\u00a0\u00bb width=\u00a0\u00bb23%\u00a0\u00bb max_width=\u00a0\u00bb36%\u00a0\u00bb global_colors_info=\u00a0\u00bb{}\u00a0\u00bb][\/et_pb_image][\/et_pb_column][\/et_pb_row][et_pb_row column_structure=\u00a0\u00bb1_2,1_2&Prime; _builder_version=\u00a0\u00bb4.25.1&Prime; global_colors_info=\u00a0\u00bb{}\u00a0\u00bb][et_pb_column type=\u00a0\u00bb1_2&Prime; _builder_version=\u00a0\u00bb4.16&Prime; custom_padding=\u00a0\u00bb|||\u00a0\u00bb global_colors_info=\u00a0\u00bb{}\u00a0\u00bb custom_padding__hover=\u00a0\u00bb|||\u00a0\u00bb][et_pb_text _builder_version=\u00a0\u00bb4.25.1&Prime; text_font=\u00a0\u00bb||||||||\u00a0\u00bb width=\u00a0\u00bb100%\u00a0\u00bb custom_padding=\u00a0\u00bb|39px||||\u00a0\u00bb global_colors_info=\u00a0\u00bb{}\u00a0\u00bb]<\/p>\n<div class=\"price-head\">\n<h1>Tarifs \u00e9t\u00e9<\/h1>\n<p>Taxes de s\u00e9jours et h\u00e9bergement incluses<\/p>\n<\/div>\n<table class=\"price-table\" style=\"width: 539px;\" height=\"168\">\n<tbody>\n<tr style=\"height: 24px;\">\n<th style=\"width: 326.7px; height: 24px;\">Cat\u00e9gorie<\/th>\n<th class=\"price-table-value\" style=\"width: 54.5833px ; height: 24px;\">Nuit\u00e9e<\/th>\n<th style=\"width: 137.317px; height: 24px;\">1\/2 pension<\/th>\n<\/tr>\n<tr style=\"height: 24px;\">\n<td style=\"width: 326.7px; height: 24px;\">Membres CAS d\u00e8s 23 ans<\/td>\n<td style=\"width: 54.5833px; height: 24px;\">CHF 26<\/td>\n<td style=\"width: 137.317px; height: 24px;\">CHF 64<\/td>\n<\/tr>\n<tr style=\"height: 48px;\">\n<td style=\"width: 326.7px; height: 48px;\">Membres de la jeunesse du CAS (6 \u00e0 22 ans)<\/td>\n<td style=\"width: 54.5833px; height: 48px;\">CHF 13<\/td>\n<td style=\"width: 137.317px; height: 48px;\">CHF 32<\/td>\n<\/tr>\n<tr style=\"height: 24px;\">\n<td style=\"width: 326.7px; height: 24px;\">Autres visiteurs d\u00e8s 18 ans<\/td>\n<td style=\"width: 54.5833px; height: 24px;\">CHF 38<\/td>\n<td style=\"width: 137.317px; height: 24px;\">CHF 76<\/td>\n<\/tr>\n<tr style=\"height: 48px;\">\n<td style=\"width: 326.7px; height: 48px;\">Enfants et jeunes jusqu\u2019\u00e0 17 ans r\u00e9volus<\/td>\n<td style=\"width: 54.5833px; height: 48px;\">CHF 19<\/td>\n<td style=\"width: 137.317px; height: 48px;\">CHF 38<\/td>\n<\/tr>\n<\/tbody>\n<\/table>\n<p>[\/et_pb_text][\/et_pb_column][et_pb_column type=\u00a0\u00bb1_2&Prime; _builder_version=\u00a0\u00bb4.16&Prime; custom_padding=\u00a0\u00bb|||\u00a0\u00bb global_colors_info=\u00a0\u00bb{}\u00a0\u00bb custom_padding__hover=\u00a0\u00bb|||\u00a0\u00bb][et_pb_text _builder_version=\u00a0\u00bb4.25.1&Prime; hover_enabled=\u00a0\u00bb0&Prime; global_colors_info=\u00a0\u00bb{}\u00a0\u00bb sticky_enabled=\u00a0\u00bb0&Prime;]<\/p>\n<div class=\"price-head\">\n<h1>Tarifs hiver<\/h1>\n<p>Taxes de s\u00e9jours et h\u00e9bergement incluses<\/p>\n<\/div>\n<table class=\"price-table\" style=\"height: 168px; width: 500px;\">\n<tbody>\n<tr style=\"height: 24px;\">\n<th style=\"width: 236.85px; height: 24px;\">Cat\u00e9gorie<\/th>\n<th class=\"price-table-value\" style=\"width: 98.35px; height: 24px;\">Nuit\u00e9e<\/th>\n<\/tr>\n<tr style=\"height: 24px;\">\n<td style=\"width: 236.85px; height: 24px;\">Membres CAS d\u00e8s 23 ans<\/td>\n<td style=\"width: 98.35px; height: 24px;\">CHF 33<\/td>\n<\/tr>\n<tr style=\"height: 48px;\">\n<td style=\"width: 236.85px; height: 48px;\">Membres de la jeunesse du CAS (6 \u00e0 22 ans)<\/td>\n<td style=\"width: 98.35px; height: 48px;\">CHF 20<\/td>\n<\/tr>\n<tr style=\"height: 24px;\">\n<td style=\"width: 236.85px; height: 24px;\">Autres visiteurs d\u00e8s 18 ans<\/td>\n<td style=\"width: 98.35px; height: 24px;\">CHF 45<\/td>\n<\/tr>\n<tr style=\"height: 48px;\">\n<td style=\"width: 236.85px; height: 48px;\">Enfants et jeunes jusqu&rsquo;\u00e0 17 ans r\u00e9volus<\/td>\n<td style=\"width: 98.35px; height: 48px;\">CHF 26<\/td>\n<\/tr>\n<\/tbody>\n<\/table>\n<p>&nbsp;<\/p>\n<p>[\/et_pb_text][\/et_pb_column][\/et_pb_row][et_pb_row _builder_version=\u00a0\u00bb4.25.1&Prime; _module_preset=\u00a0\u00bbdefault\u00a0\u00bb global_colors_info=\u00a0\u00bb{}\u00a0\u00bb][et_pb_column type=\u00a0\u00bb4_4&Prime; _builder_version=\u00a0\u00bb4.25.1&Prime; _module_preset=\u00a0\u00bbdefault\u00a0\u00bb global_colors_info=\u00a0\u00bb{}\u00a0\u00bb][et_pb_text _builder_version=\u00a0\u00bb4.25.1&Prime; _module_preset=\u00a0\u00bbdefault\u00a0\u00bb global_colors_info=\u00a0\u00bb{}\u00a0\u00bb]<\/p>\n<p>Sont consid\u00e9r\u00e9s comme membres, les soci\u00e9taires CAS, les militaires suisses, les membres d\u2019organisations accordant la r\u00e9ciprocit\u00e9.<\/p>\n<p>La 1\/2 pension comprend la nuit\u00e9e, le souper, le petit-d\u00e9jeuner, les taxes et le th\u00e9 de marche. Seulement quand la cabane est gardienn\u00e9e.<\/p>\n<h3>Coordonn\u00e9es bancaires<\/h3>\n<p>Cabane Monte-Leone, 2400 Le Locle<br \/>IBAN: CH52 8080 8007 2092 4800 9<\/p>\n<p>[\/et_pb_text][\/et_pb_column][\/et_pb_row][\/et_pb_section][et_pb_section fb_built=\u00a0\u00bb1&Prime; _builder_version=\u00a0\u00bb3.19.10&Prime; background_color=\u00a0\u00bb#dddddd\u00a0\u00bb global_module=\u00a0\u00bb1266&Prime; saved_tabs=\u00a0\u00bball\u00a0\u00bb global_colors_info=\u00a0\u00bb{}\u00a0\u00bb][et_pb_row column_structure=\u00a0\u00bb1_2,1_2&Prime; _builder_version=\u00a0\u00bb4.16&Prime; global_colors_info=\u00a0\u00bb{}\u00a0\u00bb][et_pb_column type=\u00a0\u00bb1_2&Prime; _builder_version=\u00a0\u00bb4.16&Prime; custom_padding=\u00a0\u00bb|||\u00a0\u00bb global_colors_info=\u00a0\u00bb{}\u00a0\u00bb custom_padding__hover=\u00a0\u00bb|||\u00a0\u00bb][et_pb_text _builder_version=\u00a0\u00bb4.25.1&Prime; global_colors_info=\u00a0\u00bb{}\u00a0\u00bb]<\/p>\n<h3>Cabane Monte Leone<\/h3>\n<p><i class=\"fa fa-phone\" aria-hidden=\"true\"><\/i> <a href=\"tel:+41279791412\">+41 (0) 27 979 14 12<\/a><\/p>\n<h3>R\u00e9servations<\/h3>\n<p><i class=\"fa fa-bed\" aria-hidden=\"true\"><\/i> <a href=\"https:\/\/www.cas-sommartel.ch\/monte-leone\/reserver\" rel=\"alternate\">R\u00e9servation en ligne<\/a><br \/><i class=\"fa fa-envelope\" aria-hidden=\"true\"><\/i><a href=\"mailto:booking@cas-sommartel.ch\"> booking@cas-sommartel.ch<\/a><br \/><i class=\"fa fa-phone\" aria-hidden=\"true\"><\/i><a href=\"tel:+41799349732\"> +41 (0) 79 934 97 32<\/a><\/p>\n<p>[\/et_pb_text][\/et_pb_column][et_pb_column type=\u00a0\u00bb1_2&Prime; _builder_version=\u00a0\u00bb4.16&Prime; custom_padding=\u00a0\u00bb|||\u00a0\u00bb global_colors_info=\u00a0\u00bb{}\u00a0\u00bb custom_padding__hover=\u00a0\u00bb|||\u00a0\u00bb][et_pb_text _builder_version=\u00a0\u00bb4.16&Prime; global_colors_info=\u00a0\u00bb{}\u00a0\u00bb]<\/p>\n<h3>Administration<\/h3>\n<p><i class=\"fa fa-user\" aria-hidden=\"true\"><\/i> Claude-Andr\u00e9 Montandon<\/p>\n<p><i class=\"fa fa-map-marker\" aria-hidden=\"true\"><\/i> Courte Creye 12<br \/> CH \u2013 2113 Boveresse<\/p>\n<p><i class=\"fa fa-phone\" aria-hidden=\"true\"><\/i><a href=\"tel:+41328614031\"> +41 (0) 32 861 40 31<\/a><br \/> <i class=\"fa fa-mobile\" aria-hidden=\"true\"><\/i><a href=\"tel:+41794349874\"> +41 (0) 79 434 98 74<\/a><\/p>\n<p><i class=\"fa fa-envelope\" aria-hidden=\"true\"><\/i><a href=\"mailto:cabane@cas-sommartel.ch\"> cabane@cas-sommartel.ch<\/a><\/p>\n<p>[\/et_pb_text][\/et_pb_column][\/et_pb_row][\/et_pb_section]<\/p>\n","protected":false},"excerpt":{"rendered":"<p>Nuit\u00e9es Taxes de s\u00e9jours et h\u00e9bergement incluses Cat\u00e9gorie Tarifs Membres CAS d\u00e8s 23 ans, CAI, CAF, Militaires CHF 26 Membres de la jeunesse du CAS (6 \u00e0 22 ans) CHF 13 Autres visiteurs d\u00e8s 18 ans CHF 38 Enfants et jeunes jusqu\u2019\u00e0 17 ans r\u00e9volus CHF 19 Restauration Description Tarifs Repas chauds \u00e0 midi CHF [&hellip;]<\/p>\n","protected":false},"author":1,"featured_media":0,"parent":0,"menu_order":0,"comment_status":"closed","ping_status":"closed","template":"","meta":{"_et_pb_use_builder":"on","_et_pb_old_content":"<!-- wp:divi\/placeholder \/-->","_et_gb_content_width":"","_exactmetrics_skip_tracking":false,"_exactmetrics_sitenote_active":false,"_exactmetrics_sitenote_note":"","_exactmetrics_sitenote_category":0,"footnotes":""},"class_list":["post-1188","page","type-page","status-publish","hentry"],"_links":{"self":[{"href":"https:\/\/www.cas-sommartel.ch\/monte-leone\/wp-json\/wp\/v2\/pages\/1188","targetHints":{"allow":["GET"]}}],"collection":[{"href":"https:\/\/www.cas-sommartel.ch\/monte-leone\/wp-json\/wp\/v2\/pages"}],"about":[{"href":"https:\/\/www.cas-sommartel.ch\/monte-leone\/wp-json\/wp\/v2\/types\/page"}],"author":[{"embeddable":true,"href":"https:\/\/www.cas-sommartel.ch\/monte-leone\/wp-json\/wp\/v2\/users\/1"}],"replies":[{"embeddable":true,"href":"https:\/\/www.cas-sommartel.ch\/monte-leone\/wp-json\/wp\/v2\/comments?post=1188"}],"version-history":[{"count":37,"href":"https:\/\/www.cas-sommartel.ch\/monte-leone\/wp-json\/wp\/v2\/pages\/1188\/revisions"}],"predecessor-version":[{"id":2495,"href":"https:\/\/www.cas-sommartel.ch\/monte-leone\/wp-json\/wp\/v2\/pages\/1188\/revisions\/2495"}],"wp:attachment":[{"href":"https:\/\/www.cas-sommartel.ch\/monte-leone\/wp-json\/wp\/v2\/media?parent=1188"}],"curies":[{"name":"wp","href":"https:\/\/api.w.org\/{rel}","templated":true}]}}